{"id":414,"date":"2024-12-06T09:39:09","date_gmt":"2024-12-06T08:39:09","guid":{"rendered":"https:\/\/sanitasvitalis.at\/?page_id=414"},"modified":"2025-01-17T10:43:40","modified_gmt":"2025-01-17T09:43:40","slug":"impressum","status":"publish","type":"page","link":"https:\/\/sanitasvitalis.at\/?page_id=414","title":{"rendered":"Impressum"},"content":{"rendered":"\t\t<div data-elementor-type=\"wp-page\" data-elementor-id=\"414\" class=\"elementor elementor-414\" data-elementor-post-type=\"page\">\n\t\t\t\t<div class=\"elementor-element elementor-element-dfee980 e-flex e-con-boxed e-con e-parent\" data-id=\"dfee980\" data-element_type=\"container\" data-e-type=\"container\">\n\t\t\t\t\t<div class=\"e-con-inner\">\n\t\t\t\t<div class=\"elementor-element elementor-element-459c9aa elementor-widget elementor-widget-text-editor\" data-id=\"459c9aa\" data-element_type=\"widget\" data-e-type=\"widget\" data-widget_type=\"text-editor.default\">\n\t\t\t\t<div class=\"elementor-widget-container\">\n\t\t\t\t\t\t\t\t\t<h2 style=\"text-align: center;\"><span style=\"color: #ffffff;\">Impressum und Haftungsausschluss<\/span><\/h2>\n<p><span style=\"color: #ffffff;\">Gewerbliche, Medizinisch &#8211; und Heilmassage<\/span><\/p>\n<p><span style=\"color: #ffffff;\">Inhaber: Barbara Varga<\/span><\/p>\n<p><span style=\"color: #ffffff;\">Rechtsform: Einzelunternehmen, Sanitas Vitalis e.U.<\/span><\/p>\n<p><span style=\"color: #ffffff;\">Steueranschrift und&nbsp;<\/span><span style=\"color: #ffffff; font-family: var( --e-global-typography-text-font-family ), Sans-serif; font-weight: var( --e-global-typography-text-font-weight ); text-align: var(--text-align); font-size: 1rem;\">Standorte: Elisabethstra\u00dfe 22\/3 1010 Wien<\/span><\/p>\n<p><span style=\"color: #ffffff;\">Tel.: +4366475142237<\/span><\/p>\n<p><span style=\"color: #ffffff;\">E-Mail: sanitasvitalis@gmail.com<\/span><\/p>\n<p><span style=\"color: #ffffff;\">Zust\u00e4ndige Kammer: WKO Wien, Fachgruppe \u201eInnung der Kosmetiker, Fu\u00dfpfleger und Masseure\u201c<\/span><\/p>\n<p><span style=\"color: #ffffff;\">Fachgruppe: Reglementiertes Gewerbe \u2013 gewerbliche Massage und&nbsp;<\/span><span style=\"color: #ffffff; font-family: var( --e-global-typography-text-font-family ), Sans-serif; font-weight: var( --e-global-typography-text-font-weight ); text-align: var(--text-align); font-size: 1rem;\">Freies Gewerbe \u2013 freiberuflicher Heilmasseur<\/span><\/p>\n<p><span style=\"color: #ffffff;\">Gewerbeberechtigungswortlaut: Massage, ausgenommen Shiatsu, Ayurveda-Wohlf\u00fchlpraktik, Tuina An Mo Praktik, Tibetische Jamche-Kunye Praktik und andere ganzheitlich in sich geschlossene Systeme.<\/span><\/p>\n<p><span style=\"color: #ffffff;\">AGB\/ Haftungsausschluss<\/span><\/p>\n<p><span style=\"color: #ffffff;\">Geltungsbereich<\/span><\/p>\n<p><span style=\"color: #ffffff;\">Die nachstehenden allgemeinen Gesch\u00e4ftsbedingungen (AGB) betreffen alle Vertr\u00e4ge, Leistungen und sonstigen Vereinbarungen zwischen Barbara Varga Gewerbliche, Medizinische und Heilmasseurin und dem\/der Leistungsempf\u00e4nger\/-in (Kunden\/Kundin, Patient\/ Patientin). Ich behalte mir jederzeit vor, die allgemeinen Gesch\u00e4ftsbedingungen bei Bedarf anzupassen.<\/span><\/p>\n<p><span style=\"color: #ffffff;\">Preise \u2013 Bezahlung<\/span><\/p>\n<p><span style=\"color: #ffffff;\">Es gilt immer jeweils die aktuelle Preisliste. Die jeweils letzte Preisliste verliert mit Erscheinen der neuen ihre G\u00fcltigkeit. Angebote sind stets freibleibend und unverbindlich. Die angegebenen Preise auf dieser Webseite verstehen sich immer mit Mehrwertsteuer. <\/span><br><span style=\"color: #ffffff;\">Wenn Heilmassage mit Verordnungsschein dann immer ohne Mehrwertsteuer: (Umsatzsteuerbefreit \u2013 Kleinunternehmer gem. \u00a7 6 Abs. 1 Z 27 UStG).<\/span><\/p>\n<p><span style=\"color: #ffffff;\">Der Betrag wird unmittelbar nach Erhalt der Leistung f\u00e4llig und erfolgt in Bar. Wird die Behandlung mittels Gutschein bezahlt, ist dieser nach Erhalt der Leistung vorzulegen \u2013 andernfalls ist der f\u00fcr die Behandlung ausgewiesene Preis zu bezahlen.<\/span><\/p>\n<p><span style=\"color: #ffffff;\">Storno \u2013 Terminabsage<\/span><\/p>\n<p><span style=\"color: #ffffff;\">Sollte ein Termin nicht eingehalten werden k\u00f6nnen, wird darum gebeten, diesen rechtzeitig abzusagen oder einen Ersatztermin zu vereinbaren.<\/span><\/p>\n<p><span style=\"color: #ffffff;\">Nicht wahrgenommene Termine bzw. nicht mindestens 24 Stunden vor Behandlungsbeginn telefonisch oder nachweislich schriftlich abgesagte Termine werden als durchgef\u00fchrt verrechnet. Das gilt ebenso f\u00fcr Personen, die in Besitz von Bl\u00f6cken und\/oder Gutscheinen sind. Bei Versp\u00e4tung verk\u00fcrzt sich Ihr gebuchter Termin um den versp\u00e4teten Zeitrahmen.<\/span><\/p>\n<p><span style=\"color: #ffffff;\">Leistungen<\/span><\/p>\n<p><span style=\"color: #ffffff;\">Die Behandlungszeiten sind ca. Angaben und beinhalten An- und Ausziehen sowie das Erstgespr\u00e4ch\/Anamnesegespr\u00e4ch.<\/span><\/p>\n<p><span style=\"color: #ffffff;\">Die effektive Zeit der Behandlung wird jeweils dem Wohlbefinden des Kunden\/der Kundin bzw. des Patienten\/ der Patientin angepasst und kann daher variieren. Behandlungen von Erkrankungen erfolgt ausnahmslos nach \u00e4rztlicher Zuweisung. Jede sonstige Behandlung dient ausschlie\u00dflich der Krankheitspr\u00e4vention bzw. der Gesundheitserhaltung. Grundlage der Behandlung durch die Masseurin sind die Angaben des Kunden\/der Kundin bzw. des Patienten\/ der Patientin. Nach Angabe des Kunden\/Patienten und in Absprache mit diesem wird ein Behandlungsvorschlag erstellt und entsprechend durchgef\u00fchrt. Der Kunde\/ die Kundin bzw. der Patient\/ die Patientin ist zur wahrheitsgem\u00e4\u00dfen Auskunft \u00fcber seinen aktuellen Gesundheitszustand, sowie allf\u00e4llige Vorsch\u00e4digungen, Vorerkrankungen usw. verpflichtet. Bei Vorliegen akuter Erkrankungen wird gepr\u00fcft, ob diese Erkrankung der Behandlung entgegensteht. Die Masseurin ist berechtigt, die Behandlung zu verweigern.<\/span><\/p>\n<p><span style=\"color: #ffffff;\">Verschwiegenheitspflicht<\/span><\/p>\n<p><span style=\"color: #ffffff;\">Jeder Masseur\/ jede Masseurin ist verpflichtet, \u00fcber alle in Behandlung \u00fcbernommenen Personen Verschwiegenheit zu bewahren. Dies betrifft sowohl die medizinischen Daten als auch die pers\u00f6nlichen und sonstigen im Vertrauensverh\u00e4ltnis zwischen Masseur\/Masseurin und Kunde\/Kundin bzw. Patient\/Patientin ausgetauschten Informationen. Die Verschwiegenheitspflicht gilt nicht, wenn \u2026<\/span><\/p>\n<p><span style=\"color: #ffffff;\">nach gesetzlichen Vorschriften eine Meldung des Masseurs\/der Masseurin \u00fcber den Gesundheitszustand bestimmter Personen vorgeschrieben ist<\/span><br><span style=\"color: #ffffff;\">(z. B. meldepflichtige Krankheiten)<\/span><br><span style=\"color: #ffffff;\">die durch die Offenbarung bedrohter Personen den\/die Masseur\/in von der Geheimhaltung entbunden hat<\/span><br><span style=\"color: #ffffff;\">die Offenbarung des Geheimnisses nach Art und Inhalt zum Schutz h\u00f6herwertiger Interessen der \u00f6ffentlichen Gesundheitspflege oder Rechtspflege unbedingt erforderlich ist.<\/span><\/p>\n<p><span style=\"color: #ffffff;\">Auskunftspflicht<\/span><\/p>\n<p><span style=\"color: #ffffff;\">Folgende Personen haben das Recht, \u00fcber Patienten\/Patientinnen Auskunft zu erhalten:<\/span><\/p>\n<p><span style=\"color: #ffffff;\">die in Behandlung \u00fcbernommene Person selbst<\/span><br><span style=\"color: #ffffff;\">alle von ihr namhaft gemachten Personen<\/span><br><span style=\"color: #ffffff;\">der gesetzliche Vormund des Patienten\/der Patientin (z. B. Eltern)<\/span><br><span style=\"color: #ffffff;\">die rechtliche Vertretung des Patienten\/der Patientin<\/span><br><span style=\"color: #ffffff;\">alle sonstigen an der Behandlung beteiligten Gesundheitsberufe wie \u00c4rzte\/\u00c4rztinnen, Physiotherapeuten\/Physiotherapeutinnen oder andere Masseure\/Masseurinnen<\/span><br><span style=\"color: #ffffff;\">die Krankenkasse, die die Kosten \u00fcbernimmt im Umfang der dazu notwendigen Informationen (Art und Dauer der Behandlung)<\/span><br><span style=\"color: #ffffff;\">Heilmasseure\/Heilmasseurinnen sind verpflichtet, den anordnenden Arzt\/\u00c4rztin unverz\u00fcglich \u00fcber nicht dem Therapieverlauf entsprechende sowie f\u00fcr die Behandlung bedeutsame gesundheitliche Auff\u00e4lligkeiten zu informieren und die daf\u00fcr notwendigen Daten zu \u00fcbermitteln.<\/span><\/p>\n<p><span style=\"color: #ffffff;\">Heilmassage<\/span><\/p>\n<p><span style=\"color: #ffffff;\">Eine Behandlung von Erkrankungen bedarf unbedingt einer \u00e4rztlichen \u00dcberweisung! Jede sonstige Behandlung dient ausschlie\u00dflich der Krankheitspr\u00e4vention bzw. der Gesundheitserhaltung. S\u00e4mtliche Anwendungen durch Barbara Varga erfolgen in Absprache mit dem Auftraggeber, der sich zur wahrheitsgem\u00e4\u00dfen Auskunft \u00fcber seinen Gesundheitszustand und die Folgen der Behandlung gegen\u00fcber Barbara Varga verpflichtet. S\u00e4mtliche im Rahmen von Behandlungen erlangten Informationen unterliegen der gesetzlichen Schweigepflicht durch den Auftragnehmer.<\/span><\/p>\n<p><span style=\"color: #ffffff;\">Haftungsausschluss<\/span><\/p>\n<p><span style=\"color: #ffffff;\">Die Haftung der Masseurin f\u00fcr s\u00e4mtliche Sch\u00e4den, die dem Kunden\/ der Kundin bzw. des Patienten\/ der Patientin aufgrund Nichtbeachtung dieser AGB oder durch eigenes Verschulden des Kunden\/ der Kundin bzw. des Patienten\/ der Patientin entstehen, ist ausgeschlossen. Gleiches gilt f\u00fcr Sch\u00e4den, die dadurch entstehen, weil ein Ausschlussgrund dem Kunden\/ der Kundin bzw. des Patienten\/ der Patientin selbst nicht bekannt und f\u00fcr die Masseurin nicht erkennbar war. Ihr\/e Masseur\/ Masseurin behalten sich auch vor, Kunden abzulehnen. Die aus Seminaren und Workshops angewendeten Kenntnisse begr\u00fcnden keinen Haftungsanspruch gegen\u00fcber der Masseurin.<\/span><\/p>\n<p><span style=\"color: #ffffff;\">Ihr\/e Masseur\/ Masseurin \u00fcbernimmt keine Haftung f\u00fcr die in den R\u00e4umlichkeiten deponierten<\/span><\/p>\n<p><span style=\"color: #ffffff;\">Wertgegenst\u00e4nde.<\/span><\/p>\n<p><span style=\"color: #ffffff;\">Es wird darauf hingewiesen, dass f\u00fcr nicht erbrachte bzw. falsche Informationen seitens des Auftraggebers ebenfalls keine Haftung durch den Auftragnehmer \u00fcbernommen wird.<\/span><\/p>\n<p><span style=\"color: #ffffff;\">Haftung f\u00fcr Inhalte dieser Webseite<\/span><\/p>\n<p><span style=\"color: #ffffff;\">Wir entwickeln die Inhalte dieser Webseite st\u00e4ndig weiter und bem\u00fchen uns, korrekte und aktuelle Informationen bereitzustellen. Leider k\u00f6nnen wir keine Haftung f\u00fcr die Korrektheit aller Inhalte auf dieser Webseite \u00fcbernehmen, speziell f\u00fcr jene, die seitens Dritter bereitgestellt wurden.<\/span><\/p>\n<p><span style=\"color: #ffffff;\">Meine Webseite enth\u00e4lt Links zu anderen Webseiten, f\u00fcr deren Inhalt ich nicht verantwortlich bin. Haftung f\u00fcr verlinkte Websites besteht laut \u00a7 17 ECG f\u00fcr mich nicht, da ich keine Kenntnis rechtswidriger T\u00e4tigkeiten hatte und habe, mir solche Rechtswidrigkeiten auch bisher nicht aufgefallen sind und ich Links sofort entfernen w\u00fcrde, wenn mir Rechtswidrigkeiten bekannt werden.<\/span><\/p>\n<p><span style=\"color: #ffffff;\">Wenn Ihnen rechtswidrige Inhalte bzw. Links auf meiner Website auffallen, bitte ich Sie, mich umgehend zu kontaktieren, Sie finden meine Kontaktdaten im Impressum.<\/span><\/p>\n<p><span style=\"color: #ffffff;\">Konzeption, Screendesign und Programmierung<\/span><\/p>\n<p><span style=\"color: #ffffff;\">Barbara Varga<\/span><\/p>\n<p><span style=\"color: #ffffff;\">Urheberrecht<\/span><\/p>\n<p><span style=\"color: #ffffff;\">Alle Inhalte und Fotos auf dieser Webseite sind urheberrechtlich gesch\u00fctzt. Alle Rechte des Nachdrucks und der Vervielf\u00e4ltigung liegen bei der Firma Sanitas Vitalis e.U. Barbara Varga. Der Inhalt dieser Webseite darf nur mit schriftlicher und vorheriger Genehmigung reproduziert und verbreitet werden. Ausgenommen davon ist, die Verwendung zu pers\u00f6nlichen und nicht kommerziellen Zwecken.<\/span><\/p>\n<p><span style=\"color: #ffffff;\">Schlussbestimmungen<\/span><\/p>\n<p><span style=\"color: #ffffff;\">Zur Entscheidung aller aus diesem Vertrag eventuell entstehenden Streitigkeiten ist das am Sitz meines Unternehmens \u00f6rtliche Gericht zust\u00e4ndig.<\/span><\/p>\n<p><span style=\"color: #ffffff;\">Stand: J\u00e4nner 2025<\/span><\/p>\t\t\t\t\t\t\t\t<\/div>\n\t\t\t\t<\/div>\n\t\t\t\t\t<\/div>\n\t\t\t\t<\/div>\n\t\t\t\t<\/div>\n\t\t","protected":false},"excerpt":{"rendered":"<p>Impressum und Haftungsausschluss Gewerbliche, Medizinisch &#8211; und Heilmassage Inhaber: Barbara Varga Rechtsform: Einzelunternehmen, Sanitas Vitalis e.U. Steueranschrift und&nbsp;Standorte: Elisabethstra\u00dfe 22\/3 1010 Wien Tel.: +4366475142237 E-Mail: sanitasvitalis@gmail.com Zust\u00e4ndige Kammer: WKO Wien, Fachgruppe \u201eInnung der Kosmetiker, Fu\u00dfpfleger und Masseure\u201c Fachgruppe: Reglementiertes Gewerbe \u2013 gewerbliche Massage und&nbsp;Freies Gewerbe \u2013 freiberuflicher Heilmasseur Gewerbeberechtigungswortlaut: Massage, ausgenommen Shiatsu, Ayurveda-Wohlf\u00fchlpraktik, Tuina An [&hellip;]<\/p>\n","protected":false},"author":2,"featured_media":0,"parent":0,"menu_order":0,"comment_status":"closed","ping_status":"closed","template":"","meta":{"footnotes":""},"class_list":["post-414","page","type-page","status-publish","hentry"],"_links":{"self":[{"href":"https:\/\/sanitasvitalis.at\/index.php?rest_route=\/wp\/v2\/pages\/414","targetHints":{"allow":["GET"]}}],"collection":[{"href":"https:\/\/sanitasvitalis.at\/index.php?rest_route=\/wp\/v2\/pages"}],"about":[{"href":"https:\/\/sanitasvitalis.at\/index.php?rest_route=\/wp\/v2\/types\/page"}],"author":[{"embeddable":true,"href":"https:\/\/sanitasvitalis.at\/index.php?rest_route=\/wp\/v2\/users\/2"}],"replies":[{"embeddable":true,"href":"https:\/\/sanitasvitalis.at\/index.php?rest_route=%2Fwp%2Fv2%2Fcomments&post=414"}],"version-history":[{"count":25,"href":"https:\/\/sanitasvitalis.at\/index.php?rest_route=\/wp\/v2\/pages\/414\/revisions"}],"predecessor-version":[{"id":540,"href":"https:\/\/sanitasvitalis.at\/index.php?rest_route=\/wp\/v2\/pages\/414\/revisions\/540"}],"wp:attachment":[{"href":"https:\/\/sanitasvitalis.at\/index.php?rest_route=%2Fwp%2Fv2%2Fmedia&parent=414"}],"curies":[{"name":"wp","href":"https:\/\/api.w.org\/{rel}","templated":true}]}}